{"id":171,"date":"2016-12-27T18:22:50","date_gmt":"2016-12-27T17:22:50","guid":{"rendered":"http:\/\/bcsm27.asso.fr\/?page_id=171"},"modified":"2021-09-05T14:19:56","modified_gmt":"2021-09-05T12:19:56","slug":"notre-club","status":"publish","type":"page","link":"https:\/\/bcsm27.asso.fr\/","title":{"rendered":"Billard Club de Saint Marcel"},"content":{"rendered":"<p>Amateur de billard fran\u00e7ais, rejoignez notre Club pour pratiquer la Carambole.<\/p>\n<p>Nous sommes une cinquantaine d&rsquo;adh\u00e9rents et nous disposons de 7 billards (5 de 2m80, 1 de 3m10 et un pool 2m10)<\/p>\n<p>Nous sommes situ\u00e9s \u00e0 l&rsquo;arri\u00e8re de l&rsquo;Espace St Exup\u00e9ry, 3 rue Jules Ferry, 27950 Saint Marcel<\/p>\n<p>L&rsquo;acc\u00e8s de la salle d\u00e9pend de la pr\u00e9sence d&rsquo;adh\u00e9rents.<\/p>\n<p>T\u00e9l\u00e9phone dans la salle&nbsp; : <span style=\"text-decoration: underline;\"><strong>07 52 07 66 01<\/strong><\/span><\/p>\n<p>N&rsquo;h\u00e9sitez pas \u00e0 nous rendre une petite visite. A bient\u00f4t !<\/p>\n<p>&nbsp;<\/p>\n","protected":false},"excerpt":{"rendered":"<p>Amateur de billard fran\u00e7ais, rejoignez notre Club pour pratiquer la Carambole. Nous sommes une cinquantaine d&rsquo;adh\u00e9rents et nous disposons de 7 billards (5 de 2m80, 1 de 3m10 et un pool 2m10) Nous sommes situ\u00e9s <a class=\"more-link\" href=\"https:\/\/bcsm27.asso.fr\/\">Read More &#8230;<\/a><\/p>\n","protected":false},"author":2,"featured_media":0,"parent":0,"menu_order":0,"comment_status":"closed","ping_status":"closed","template":"","meta":{"footnotes":""},"class_list":["post-171","page","type-page","status-publish","hentry"],"_links":{"self":[{"href":"https:\/\/bcsm27.asso.fr\/index.php\/wp-json\/wp\/v2\/pages\/171","targetHints":{"allow":["GET"]}}],"collection":[{"href":"https:\/\/bcsm27.asso.fr\/index.php\/wp-json\/wp\/v2\/pages"}],"about":[{"href":"https:\/\/bcsm27.asso.fr\/index.php\/wp-json\/wp\/v2\/types\/page"}],"author":[{"embeddable":true,"href":"https:\/\/bcsm27.asso.fr\/index.php\/wp-json\/wp\/v2\/users\/2"}],"replies":[{"embeddable":true,"href":"https:\/\/bcsm27.asso.fr\/index.php\/wp-json\/wp\/v2\/comments?post=171"}],"version-history":[{"count":11,"href":"https:\/\/bcsm27.asso.fr\/index.php\/wp-json\/wp\/v2\/pages\/171\/revisions"}],"predecessor-version":[{"id":1145,"href":"https:\/\/bcsm27.asso.fr\/index.php\/wp-json\/wp\/v2\/pages\/171\/revisions\/1145"}],"wp:attachment":[{"href":"https:\/\/bcsm27.asso.fr\/index.php\/wp-json\/wp\/v2\/media?parent=171"}],"curies":[{"name":"wp","href":"https:\/\/api.w.org\/{rel}","templated":true}]}}